{"id":590,"date":"2021-07-07T13:09:53","date_gmt":"2021-07-07T11:09:53","guid":{"rendered":"https:\/\/simmern-virtuell.de\/?page_id=590"},"modified":"2022-07-06T12:07:47","modified_gmt":"2022-07-06T10:07:47","slug":"data-protection","status":"publish","type":"page","link":"https:\/\/simmern-virtuell.de\/en\/homepage\/data-protection\/","title":{"rendered":"Data Protection"},"content":{"rendered":"<div id='av_section_1'  class='avia-section av-1f11y-e133e5e365ffd095c23e2f14e15be5a5 main_color avia-section-small avia-no-border-styling  avia-builder-el-0  avia-builder-el-no-sibling  avia-bg-style-scroll container_wrap fullsize'  ><div class='container av-section-cont-open' ><main  role=\"main\" itemprop=\"mainContentOfPage\"  class='template-page content  av-content-full alpha units'><div class='post-entry post-entry-type-page post-entry-590'><div class='entry-content-wrapper clearfix'>\n\n<style type=\"text\/css\" data-created_by=\"avia_inline_auto\" id=\"style-css-av-10at2-eccb2a1ffcbbdcc4f2a6e802a3890a35\">\n.flex_column.av-10at2-eccb2a1ffcbbdcc4f2a6e802a3890a35{\nborder-radius:0px 0px 0px 0px;\npadding:0px 0px 0px 0px;\n}\n<\/style>\n<div  class='flex_column av-10at2-eccb2a1ffcbbdcc4f2a6e802a3890a35 av_one_full  avia-builder-el-1  avia-builder-el-no-sibling  first flex_column_div av-zero-column-padding  '     ><section  class='av_textblock_section av-l50okpib-6882d727415c40fdb044f26ee2407c91 '   itemscope=\"itemscope\" itemtype=\"https:\/\/schema.org\/CreativeWork\" ><div class='avia_textblock'  itemprop=\"text\" ><h1><\/h1>\n<h1><\/h1>\n<h1>Datenschutzerkl\u00e4rung<\/h1>\n<p><strong>DFH Haus GmbH<\/strong><\/p>\n<h2>A. Allgemeines<\/h2>\n<p><strong>1. Information \u00fcber die Erhebung personenbezogener Daten<\/strong><\/p>\n<p>Im Folgenden informieren wir \u00fcber die Erhebung personenbezogener Daten bei Nutzung unserer Website. Personenbezogene Daten sind alle Daten, die auf Sie pers\u00f6nlich beziehbar sind, z. B. Name, Adresse, E-Mail-Adressen, Nutzerverhalten.<\/p>\n<p><strong>2. Name und Anschrift des f\u00fcr die Verarbeitung Verantwortlichen<\/strong><\/p>\n<p>Die f\u00fcr die Verarbeitung Ihrer personenbezogenen Daten verantwortliche Stelle im Sinne des Art. 4 Nr. 7 DSGVO ist<\/p>\n<p><strong>DFH Haus GmbH<\/strong><\/p>\n<p>Argenthaler Stra\u00dfe 7, 55469 Simmern<\/p>\n<p><strong>Tel.:<\/strong>\u00a0+49 6761 90300-0,<\/p>\n<p><strong>E-Mail:<\/strong>\u00a0kontakt@dfh-haus.de<\/p>\n<p>Weitere Angaben zu unserem Unternehmen entnehmen Sie bitte den Impressumsangaben.<\/p>\n<p><strong>3. Kontaktdaten des Datenschutzbeauftragten<\/strong><\/p>\n<p>Unseren Datenschutzbeauftragten erreichen Sie unter datenschutz@dfhag.de oder unter unserer Postadresse mit dem Zusatz \u201eder Datenschutzbeauftragte\u201c.<\/p>\n<p><strong>4. Datenl\u00f6schung und Speicherdauer<\/strong><\/p>\n<p>F\u00fcr die von uns vorgenommenen Verarbeitungsvorg\u00e4nge geben wir im Folgenden jeweils an, wie lange die Daten bei uns gespeichert und wann sie gel\u00f6scht oder gesperrt werden. Soweit nachfolgend keine ausdr\u00fcckliche Speicherdauer angegeben wird, werden Ihre personenbezogenen Daten gel\u00f6scht oder gesperrt, sobald der Zweck oder die Rechtsgrundlage f\u00fcr die Speicherung entf\u00e4llt. Eine Speicherung Ihrer Daten erfolgt grunds\u00e4tzlich nur auf unseren Servern in Deutschland, vorbehaltlich einer ggf. erfolgenden Weitergabe nach den Regelungen in A.6 und A.7.<\/p>\n<p>Eine Speicherung kann jedoch \u00fcber die angegebene Zeit hinaus im Falle einer (drohenden) Rechtsstreitigkeit mit Ihnen oder eines sonstigen rechtlichen Verfahrens erfolgen oder wenn die Speicherung durch gesetzliche Vorschriften, denen wir als Verantwortlicher unterliegen (zB \u00a7 257 HGB, \u00a7 147 AO), vorgesehen ist. Wenn die durch die gesetzlichen Vorschriften vorgeschriebene Speicherfrist abl\u00e4uft, erfolgt eine Sperrung oder L\u00f6schung der personenbezogenen Daten, es sei denn, dass eine weitere Speicherung durch uns erforderlich ist und daf\u00fcr eine Rechtsgrundlage besteht.<\/p>\n<p><strong>5. Datensicherheit<\/strong><\/p>\n<p>Wir bedienen uns geeigneter technischer und organisatorischer Sicherheitsma\u00dfnahmen, um Ihre Daten gegen zuf\u00e4llige oder vors\u00e4tzliche Manipulationen, teilweisen oder vollst\u00e4ndigen Verlust, Zerst\u00f6rung oder gegen den unbefugten Zugriff Dritter zu sch\u00fctzen (zB TSL-Verschl\u00fcsselung f\u00fcr unsere Webseite) unter Ber\u00fccksichtigung des Stands der Technik, der Implementierungskosten und der Natur, des Umfangs, des Kontextes und des Zwecks der Verarbeitung sowie der bestehenden Risiken einer Datenpanne (inklusive von deren Wahrscheinlichkeit und Auswirkungen) f\u00fcr den Betroffenen. Unsere Sicherheitsma\u00dfnahmen werden entsprechend der technologischen Entwicklung fortlaufend verbessert.<\/p>\n<p><strong>6. Zusammenarbeit mit Auftragsverarbeitern<\/strong><\/p>\n<p>Wie bei jedem gr\u00f6\u00dferen Unternehmen, setzen auch wir zur Abwicklung unseres Gesch\u00e4ftsverkehrs externe in- und ausl\u00e4ndische Dienstleister ein (z.\u2009B. f\u00fcr die Bereiche IT, Logistik, Telekommunikation, Vertrieb und Marketing). Diese werden nur nach unserer Weisung t\u00e4tig und wurden iSv Art. 28 DSGVO vertraglich dazu verpflichtet, die datenschutzrechtlichen Bestimmungen einzuhalten.<\/p>\n<p>Sofern personenbezogene Daten von Ihnen durch uns an unsere Partnergesellschaften weitergegeben werden oder von unseren Partnergesellschaften an uns weitergegeben werden (z.B. zu werblichen Zwecken), geschieht dies aufgrund von bestehenden Auftragsverarbeitungsverh\u00e4ltnissen.<\/p>\n<p><strong>7. Voraussetzungen der Weitergabe von personenbezogenen Daten in Drittl\u00e4nder\u00a0<\/strong><\/p>\n<p>Im Rahmen unserer Gesch\u00e4ftsbeziehungen k\u00f6nnen Ihre personenbezogenen Daten an Drittgesellschaften weitergegeben oder offengelegt werden. Diese k\u00f6nnen sich auch au\u00dferhalb des Europ\u00e4ischen Wirtschaftsraums (EWR), also in Drittl\u00e4ndern, befinden. Eine derartige Verarbeitung erfolgt ausschlie\u00dflich zur Erf\u00fcllung der vertraglichen und gesch\u00e4ftlichen Verpflichtungen und zur Pflege Ihrer Gesch\u00e4ftsbeziehung zu uns. \u00dcber die jeweiligen Einzelheiten der Weitergabe unterrichten wir Sie nachfolgend an den daf\u00fcr relevanten Stellen.<\/p>\n<p>Einigen Drittl\u00e4ndern bescheinigt die Europ\u00e4ische Kommission durch sog. Angemessenheitsbeschl\u00fcsse einen Datenschutz, der dem EWR-Standard vergleichbar ist (eine Liste dieser L\u00e4nder sowie eine Kopie der Angemessenheitsbeschl\u00fcsse erhalten Sie hier: http:\/\/ec.europa.eu\/justice\/data-protection\/international-transfers\/adequacy\/index_en.html). In anderen Drittl\u00e4ndern, in die ggf. personenbezogene Daten \u00fcbertragen werden, herrscht aber unter Umst\u00e4nden wegen fehlender gesetzlicher Bestimmungen kein durchg\u00e4ngig hohes Datenschutzniveau. Soweit dies der Fall ist, achten wir darauf, dass der Datenschutz ausreichend gew\u00e4hrleistet ist. M\u00f6glich ist dies \u00fcber bindende Unternehmensvorschriften, Standard-Vertragsklauseln der Europ\u00e4ischen Kommission zum Schutz personenbezogener Daten, Zertifikate oder anerkannte Verhaltenskodizes.<\/p>\n<p><strong>8. Keine automatisiere Entscheidungsfindung (einschlie\u00dflich Profiling)<\/strong><\/p>\n<p>Wir haben nicht die Absicht, von Ihnen erhobene personenbezogene Daten f\u00fcr ein Verfahren zur automatisierten Entscheidungsfindung (einschlie\u00dflich Profiling) zu verwenden.<\/p>\n<p><strong>9. Keine Verpflichtung zur Bereitstellung personenbezogener Daten<\/strong><\/p>\n<p>Wir machen den Abschluss von Vertr\u00e4gen mit uns nicht davon abh\u00e4ngig, dass Sie uns zuvor personenbezogene Daten bereitstellen. F\u00fcr Sie als Kunde besteht grunds\u00e4tzlich auch keine gesetzliche oder vertragliche Verpflichtung, uns Ihre personenbezogenen Daten zur Verf\u00fcgung zu stellen; es kann jedoch sein, dass wir bestimmte Angebote nur eingeschr\u00e4nkt oder gar nicht erbringen k\u00f6nnen, wenn Sie die daf\u00fcr erforderlichen Daten nicht bereitstellen. Sofern dies im Rahmen der nachfolgend vorgestellten, von uns angebotenen Produkte ausnahmsweise der Fall sein sollte, werden Sie gesondert darauf hingewiesen.<\/p>\n<p><strong>10. Gesetzliche Verpflichtung zur \u00dcbermittlung bestimmter Daten<\/strong><\/p>\n<p>Wir k\u00f6nnen unter Umst\u00e4nden einer besonderen gesetzlichen oder rechtlichen Verpflichtung unterliegen, die rechtm\u00e4\u00dfig verarbeiteten personenbezogenen Daten f\u00fcr Dritte, insbesondere \u00f6ffentlichen Stellen, bereitzustellen (Art. 6 Abs. 1 S. 1 lit. c DSGVO).<\/p>\n<p><strong>11. Ihre Rechte<\/strong><\/p>\n<p>Ihre Rechte als Betroffener bez\u00fcglich Ihrer verarbeiteten personenbezogenen Daten k\u00f6nnen Sie uns gegen\u00fcber unter den eingangs angegebenen Kontaktdaten jederzeit geltend machen. Sie haben als Betroffener folgende Rechte:<\/p>\n<p>\u2013 Recht auf Auskunft,<\/p>\n<p>\u2013 Recht auf Berichtigung oder L\u00f6schung,<\/p>\n<p>\u2013 Recht auf Einschr\u00e4nkung der Verarbeitung,<\/p>\n<p>\u2013 Recht auf Widerspruch gegen die Verarbeitung,<\/p>\n<p>\u2013 Recht auf Daten\u00fcbertragbarkeit.<\/p>\n<p>Sie haben zudem das Recht, sich bei einer Datenschutz-Aufsichtsbeh\u00f6rde \u00fcber die Verarbeitung Ihrer personenbezogenen Daten durch uns zu beschweren.<\/p>\n<h2>B. Kundenportal<\/h2>\n<p><strong>1. Verarbeitete personenbezogene Daten<\/strong><\/p>\n<p>Bei der informatorischen Nutzung des Kundenportals werden die folgenden Kategorien personenbezogener Daten von uns erhoben, gespeichert und weiterverarbeitet:<\/p>\n<p>\u201eProtokolldaten\u201c: Wenn Sie unsere Webseite besuchen, wird auf unserem Webserver tempor\u00e4r und anonymisiert ein sogenannter Protokolldatensatz (sog. Server-Logfiles) gespeichert. Dieser besteht aus:<\/p>\n<p>\u2013 der Seite, von der aus die Seite angefordert wurde (sog. Referrer-URL)<\/p>\n<p>\u2013 dem Namen und URL der angeforderten Seite<\/p>\n<p>\u2013 dem Datum und der Uhrzeit des Aufrufs<\/p>\n<p>\u2013 der Beschreibung des Typs, Sprache und Version des verwendeten Webbrowsers<\/p>\n<p>\u2013 der IP-Adresse des anfragenden Rechners, die so verk\u00fcrzt wird, dass ein Personenbezug nicht mehr herstellbar ist<\/p>\n<p>\u2013 der \u00fcbertragenen Datenmenge<\/p>\n<p>\u2013 dem Betriebssystem<\/p>\n<p>\u2013 der Meldung, ob der Aufruf erfolgreich war (Zugriffsstatus\/Http-Statuscode)<\/p>\n<p>der GMT-Zeitzonendifferenz<\/p>\n<p><strong>2<\/strong>.\u00a0<strong>Zweck und Rechtsgrundlage der Datenverarbeitung im Kundenportal<\/strong><\/p>\n<p>Die DFH Haus GmbH als Abwicklungsgesellschaft innerhalb des Unternehmensverbands der DFH GRUPPE, bestehend aus den drei Vertriebslinien massa haus GmbH, OKAL Haus GmbH, allkauf haus GmbH, stellt den Kunden als kostenfreien Service ein Online-Kundenportal (nachfolgend Portal) zur Verf\u00fcgung, das einen zus\u00e4tzlichen Kommunikationsweg zur Abwicklung von Servicedienstleistungen sowie zur Informationsbeschaffung der Kunden darstellen soll.<\/p>\n<p>Die DFH erhebt und speichert weiterhin vom Kunden freiwillig \u00fcbermittelte personenbezogene Daten zum Zweck der Erf\u00fcllung der angebotenen Dienstleistung im Portal. Rechtsgrundlage f\u00fcr die Datenerhebung ist Art. 6 Abs. 1 lit. b) und lit. f) EU-DSGVO. Eine Weitergabe von Daten an Dritte erfolgt nur, soweit es f\u00fcr die Abwicklung des Hausvertrages erforderlich ist oder der Bereitstellung des Services \u201eKundenportal\u201c dient, insbesondere im Rahmen der notwendigen Mitteilungen an eingebundene Dienstleister und Subunternehmer. Ein Verkauf oder eine Vermarktung von Daten erfolgt nicht.<\/p>\n<p>F\u00fcr das Portal setzt die DFH Cookies ein, um die gew\u00fcnschten Funktionalit\u00e4ten zur Verf\u00fcgung stellen zu k\u00f6nnen. Es handelt sich hierbei um sog. essentielle Cookies.<\/p>\n<h2>C. Besuch von weiteren Webseiten<\/h2>\n<p><strong>1. Verarbeitete personenbezogene Daten<\/strong><\/p>\n<p>Bei der informatorischen Nutzung unserer Webseiten werden die folgenden Kategorien personenbezogener Daten von uns erhoben, gespeichert und weiterverarbeitet:<\/p>\n<p>\u201eProtokolldaten\u201c: Wenn Sie unsere Webseiten besuchen, wird auf unserem Webserver tempor\u00e4r und anonymisiert ein sogenannter Protokolldatensatz (sog. Server-Logfiles) gespeichert. Dieser besteht aus:<\/p>\n<p>\u2013 der Seite, von der aus die Seite angefordert wurde (sog. Referrer-URL)<\/p>\n<p>\u2013 dem Namen und URL der angeforderten Seite<\/p>\n<p>\u2013 dem Datum und der Uhrzeit des Aufrufs<\/p>\n<p>\u2013 der Beschreibung des Typs, Sprache und Version des verwendeten Webbrowsers<\/p>\n<p>\u2013 der IP-Adresse des anfragenden Rechners, die so verk\u00fcrzt wird, dass ein Personenbezug nicht mehr herstellbar ist<\/p>\n<p>\u2013 der \u00fcbertragenen Datenmenge<\/p>\n<p>\u2013 dem Betriebssystem<\/p>\n<p>\u2013 der Meldung, ob der Aufruf erfolgreich war (Zugriffsstatus\/Http-Statuscode)<\/p>\n<p>\u2013 der GMT-Zeitzonendifferenz<\/p>\n<p><strong>2. Zweck und Rechtsgrundlage der Datenverarbeitung<\/strong><\/p>\n<p>Wir verarbeiten die vorstehend n\u00e4her bezeichneten personenbezogenen Daten in Einklang mit den Vorschriften der DSGVO, den weiteren einschl\u00e4gigen Datenschutzvorschriften und nur im erforderlichen Umfang. Soweit die Verarbeitung der personenbezogenen Daten auf Art. 6 Abs. 1 S. 1 lit. f DSGVO beruht, stellen die genannten Zwecke zugleich unsere berechtigten Interessen dar.<\/p>\n<p>Die Verarbeitung der Protokolldaten dient statistischen Zwecken und der Verbesserung der Qualit\u00e4t unserer Webseite, insbesondere der Stabilit\u00e4t und der Sicherheit der Verbindung (Rechtsgrundlage ist Art. 6 Abs. 1 S. 1 lit. f DSGVO).<\/p>\n<p>Bei Ihrer Kontaktaufnahme mit uns per E-Mail, Brief oder Telefon werden die von Ihnen mitgeteilten Daten von uns gespeichert, um Ihre Fragen zu beantworten. Die Verarbeitung dieser Kontaktdaten erfolgt zur Bearbeitung von Kundenanfragen (Rechtsgrundlage ist Art. 6 Abs. 1 S. 1 lit. b oder lit. f DSGVO).<\/p>\n<p><strong>3. Dauer der Datenverarbeitung<\/strong><\/p>\n<p>Ihre Daten werden nur so lange verarbeitet, wie dies f\u00fcr die Erreichung der oben genannten Verarbeitungszwecke erforderlich ist; hierf\u00fcr gelten die im Rahmen der Verarbeitungszwecke angegebenen Rechtsgrundlagen entsprechend. Hinsichtlich der Nutzung und der Speicherdauer von Cookies beachten Sie bitte Punkt A.4.<\/p>\n<p>Von uns eingesetzte Dritte werden Ihre Daten auf deren System so lange speichern, wie es im Zusammenhang mit der Erbringung der Leistungen f\u00fcr uns entsprechend dem jeweiligen Auftrag erforderlich ist.<\/p>\n<p><strong>4. \u00dcbermittlung personenbezogener Daten an Dritte; Rechtfertigungsgrundlage<\/strong><\/p>\n<p>Folgende Kategorien von Empf\u00e4ngern, bei denen es sich im Regelfall um Auftragsverarbeiter handelt, erhalten ggf. Zugriff auf Ihre personenbezogenen Daten:<\/p>\n<p>\u2013 Dienstleister f\u00fcr den Betrieb unserer Webseite und die Verarbeitung der durch die Systeme gespeicherten oder \u00fcbermittelten Daten (zB f\u00fcr Rechenzentrumsleistungen, Zahlungsabwicklungen, IT-Sicherheit). Rechtsgrundlage f\u00fcr die Weitergabe ist dann Art. 6 Abs. 1 S. 1 lit. b oder lit. f DSGVO, soweit es sich nicht um Auftragsverarbeiter handelt;<\/p>\n<p>\u2013 Staatliche Stellen\/Beh\u00f6rden, soweit dies zur Erf\u00fcllung einer gesetzlichen Verpflichtung erforderlich ist. Rechtsgrundlage f\u00fcr die Weitergabe ist dann Art. 6 Abs. 1 S. 1 lit. c DSGVO;<\/p>\n<p>\u2013 Zur Durchf\u00fchrung unseres Gesch\u00e4ftsbetriebs eingesetzte Personen (zB Auditoren, Banken, Versicherungen, Rechtsberater, Aufsichtsbeh\u00f6rden, Beteiligte bei Unternehmensk\u00e4ufen oder der Gr\u00fcndung von Gemeinschaftsunternehmen). Rechtsgrundlage f\u00fcr die Weitergabe ist dann Art. 6 Abs. 1 S. 1 lit. b oder lit. f DSGVO.<\/p>\n<p>Dar\u00fcber hinaus geben wir Ihre personenbezogenen Daten nur an Dritte weiter, wenn Sie nach Art. 6 Abs. 1 S. 1 lit. a DSGVO eine ausdr\u00fcckliche Einwilligung dazu erteilt haben.<\/p>\n<p><strong>5. Einsatz von Cookies, Plugins und sonstige Dienste auf unserer Webseite<\/strong><\/p>\n<p>a. Cookies<\/p>\n<p>Auf unseren Webseiten nutzen wir Cookies. Bei Cookies handelt es sich um kleine Textdateien, die auf Ihrer Festplatte dem von Ihnen verwendeten Browser durch eine charakteristische Zeichenfolge zugeordnet und gespeichert werden und durch welche der Stelle, die das Cookie setzt, bestimmte Informationen zuflie\u00dfen. Cookies k\u00f6nnen keine Programme ausf\u00fchren oder Viren auf Ihren Computer \u00fcbertragen und daher keine Sch\u00e4den anrichten. Sie dienen dazu, das Internetangebot insgesamt nutzerfreundlicher und effektiver, also f\u00fcr Sie angenehmer zu machen.<\/p>\n<p>Cookies k\u00f6nnen Daten enthalten, die eine Wiedererkennung des genutzten Ger\u00e4ts m\u00f6glich machen. Teilweise enthalten Cookies aber auch lediglich Informationen zu bestimmten Einstellungen, die nicht personenbeziehbar sind. Cookies k\u00f6nnen einen Nutzer aber nicht direkt identifizieren.<\/p>\n<p>Man unterscheidet zwischen Session-Cookies, die wieder gel\u00f6scht werden, sobald Sie ihren Browser schlie\u00dfen und permanenten Cookies, die \u00fcber die einzelne Sitzung hinaus gespeichert werden. Hinsichtlich ihrer Funktion unterscheidet man bei Cookies wiederum zwischen:<\/p>\n<p>\u2013 Essenzielle Cookies: Diese sind zwingend erforderlich, um sich auf der Webseite zu bewegen, grundlegende Funktionen zu nutzen und die Sicherheit der Webseite zu gew\u00e4hrleisten; sie sammeln weder Informationen \u00fcber Sie zu Marketingzwecken noch speichern sie, welche Webseiten Sie besucht haben;<\/p>\n<p>\u2013 Statistische Cookies: Diese sammeln Informationen dar\u00fcber, wie Sie unsere Webseite nutzen, welche Seiten Sie besuchen und z.\u2009B. ob Fehler bei der Webseitennutzung auftreten; sie sammeln keine Informationen, die Sie identifizieren k\u00f6nnten \u2013 alle gesammelten Informationen sind anonym und werden nur verwendet, um unsere Webseite zu verbessern und herauszufinden, was unsere Nutzer interessiert;<\/p>\n<p>\u2013 Externe Cookies: Diese dienen dazu, die Interaktivit\u00e4t unserer Webseite mit anderen Diensten (z.\u2009B. sozialen Netzwerken) zu verbessern; externe Cookies werden maximal 13 Monate lang gespeichert.<\/p>\n<p>Jeder Einsatz von Cookies, der nicht zwingend technisch erforderlich ist, stellt eine Datenverarbeitung dar, die nur mit einer ausdr\u00fccklichen und aktiven Einwilligung Ihrerseits gem. Art. 6 Abs. 1 S. 1 lit. a DSGVO erlaubt ist. Dies gilt insbesondere f\u00fcr die Verwendung von statistischen oder externen Cookies. Dar\u00fcber hinaus geben wir Ihre durch Cookies verarbeiteten personenbezogenen Daten nur an Dritte weiter, wenn Sie nach Art. 6 Abs. 1 S. 1 lit. a DSGVO eine ausdr\u00fcckliche Einwilligung dazu erteilt haben.<\/p>\n<p>Zur bedarfsgerechten Gestaltung unserer Webseiten erstellen wir pseudonyme Nutzungsprofile mit Hilfe von Google Analytics. Google Analytics verwendet statistische Cookies, die auf Ihrem Endger\u00e4t gespeichert und von uns ausgelesen werden k\u00f6nnen. Auf diese Weise sind wir in der Lage, wiederkehrende Besucher zu erkennen und als solche zu z\u00e4hlen und zu erfahren, wie h\u00e4ufig unsere Webseiten von unterschiedlichen Nutzern aufgerufen wurden. Die Datenverarbeitung erfolgt auf der Grundlage von Art.\u00a0<a class=\"textlink\" href=\"https:\/\/beck-online.beck.de\/?typ=reference&amp;y=100&amp;a=6&amp;g=EWG_DSGVO\">\u00a06\u00a0<\/a>Abs.\u00a0<a class=\"textlink\" href=\"https:\/\/beck-online.beck.de\/?typ=reference&amp;y=100&amp;a=6&amp;g=EWG_DSGVO&amp;x=1\">\u00a01\u00a0<\/a>lit. a DSGVO (Einwilligung).<\/p>\n<p>Die durch das Cookie erzeugten Informationen \u00fcber Ihre Benutzung unserer Webseite werden in der Regel an einen Server von Google in den USA \u00fcbertragen und dort gespeichert. Da wir die IP-Anonymisierung auf unserer Webseite aktiviert haben, wird Ihre IP-Adresse von Google jedoch zuvor innerhalb von Mitgliedstaaten der Europ\u00e4ischen Union gek\u00fcrzt. Nur in Ausnahmef\u00e4llen wird die volle IP-Adresse an einen Server von Google in den USA \u00fcbertragen und erst dort gek\u00fcrzt (weitere Informationen zu Zweck und Umfang der Datenerhebung erhalten Sie zB unter https:\/\/policies.google.com\/privacy?hl=de&amp;gl=de<em><u>)<\/u><\/em>. Wir haben mit Google LLC (USA) zudem einen Vertrag zur Auftragsverarbeitung nach Art.\u00a0<a class=\"textlink\" href=\"https:\/\/beck-online.beck.de\/?typ=reference&amp;y=100&amp;a=28&amp;g=EWG_DSGVO\">\u00a028\u00a0<\/a>DSGVO geschlossen. Google wird alle Informationen demnach nur streng zweckgebunden nutzen, um die Nutzung unserer Webseiten f\u00fcr uns auszuwerten und Reports \u00fcber die Webseitenaktivit\u00e4ten zusammenzustellen.<\/p>\n<p>b.<em>\u00a0<\/em>Social Media Plugins<\/p>\n<p>Auf unseren Webseiten setzen wir keine Social-Media-Plugins ein. Sofern unsere Webseiten Symbole von Social-Media-Anbietern enthalten, nutzen wir diese lediglich zur passiven Verlinkung auf die Seiten der jeweiligen Anbieter.<\/p>\n<p>Wir unterhalten in verschiedenen sozialen Netzwerken \u00f6ffentlich zug\u00e4ngliche Profile. Ihr Besuch dieser Profile setzt eine Vielzahl von Datenverarbeitungsvorg\u00e4ngen in Gang. Nachfolgend geben wir Ihnen einen \u00dcberblick dar\u00fcber, welche Ihrer personenbezogenen Daten von uns erhoben, genutzt und gespeichert werden, wenn Sie unsere Profile besuchen.<\/p>\n<p>Bei Ihrem Besuch unserer Profile werden Ihre personenbezogenen Daten nicht nur durch uns, sondern auch durch die Betreiber des jeweiligen sozialen Netzwerks erhoben, genutzt und gespeichert. Dies geschieht auch dann, wenn Sie selbst kein Profil in dem jeweiligen sozialen Netzwerk haben. Die einzelnen Datenverarbeitungsvorg\u00e4nge und ihr Umfang unterscheiden sich je nach Betreiber des jeweiligen sozialen Netzwerks und sind nicht zwingend f\u00fcr uns nachvollziehbar. Einzelheiten \u00fcber die Erhebung und Speicherung Ihrer pers\u00f6nlichen Daten sowie \u00fcber Art, Umfang und Zweck ihrer Verwendung durch den Betreiber des jeweiligen sozialen Netzwerks entnehmen Sie bitte den Datenschutzerkl\u00e4rungen des jeweiligen Betreibers:<\/p>\n<p>Sofern Sie unsere Profile in sozialen Netzwerken nutzen, um mit uns Kontakt aufzunehmen (bspw. durch die Erstellung eigener Beitr\u00e4ge, die Reaktion auf einen unserer Beitr\u00e4ge oder durch private Nachrichten an uns), werden die uns von Ihnen mitgeteilten Daten von uns ausschlie\u00dflich zu dem Zweck verarbeitet, mit Ihnen in Kontakt treten zu k\u00f6nnen. Rechtsgrundlage f\u00fcr die Datenerhebung ist damit Art. 6 Abs. 1 lit. a) und b)12 DSGVO.<\/p>\n<p>Als Betreiber einer Facebook-Fanpage k\u00f6nnen wir nur die in Ihrem \u00f6ffentlichen Facebook-Profil hinterlegten Informationen einsehen, und dies auch nur, sofern Sie \u00fcber ein solches Profil verf\u00fcgen und in dieses eingeloggt sind, w\u00e4hrend Sie unsere Fanpage aufrufen. Zus\u00e4tzlich stellt uns Facebook anonyme Nutzungsstatistiken zur Verf\u00fcgung, die wir zur Verbesserung des Nutzererlebnisses beim Besuch unserer Fanpage verwenden. Wir haben keinen Zugriff auf die Nutzungsdaten, die Facebook zur Erstellung dieser Statistiken erhebt. Facebook hat sich uns gegen\u00fcber verpflichtet, die prim\u00e4re Verantwortung nach der DSGVO f\u00fcr die Verarbeitung dieser Daten zu \u00fcbernehmen, s\u00e4mtliche Pflichten aus der DSGVO hinsichtlich dieser Daten zu erf\u00fcllen und den Betroffenen das Wesentliche dieser Verpflichtung zur Verf\u00fcgung zu stellen. Diese Datenverarbeitungen dienen unserem (und Ihrem) berechtigten Interesse, das Nutzererlebnis beim Besuch unserer Fanpage zielgruppengerecht zu verbessern. Rechtsgrundlage f\u00fcr die Datenverarbeitungen ist damit Art. 6 Abs. 1 lit. f) DSGVO. Daneben verwendet Facebook Cookies, die beim Besuch unserer Fanpage auch dann auf Ihrem Endger\u00e4t abgelegt werden, wenn Sie \u00fcber kein eigenes Facebook-Profil verf\u00fcgen oder in dieses nicht w\u00e4hrend Ihres Besuchs unserer Fanpage eingeloggt sind. Diese Cookies erlauben es Facebook, Nutzerprofile anhand Ihrer Pr\u00e4ferenzen und Interessen zu erstellen und Ihnen darauf abgestimmte Werbung (innerhalb und au\u00dferhalb von Facebook) anzuzeigen. Cookies befinden sich solange auf Ihrem Endger\u00e4t, bis Sie sie l\u00f6schen. Einzelheiten hierzu finden Sie in der Datenschutzerkl\u00e4rung von Facebook.<\/p>\n<p>\u2013 Die Datenschutzerkl\u00e4rung f\u00fcr das soziale Netzwerk Facebook, das von Facebook Ireland Limited, 4 Grand Canal Square, Dublin 2, Irland, betrieben wird, k\u00f6nnen Sie unter https:\/\/www.facebook.com\/about\/privacy\/update?ref=old_policy einsehen;<\/p>\n<p>\u2013 die Datenschutzerkl\u00e4rung f\u00fcr das soziale Netzwerk Instagram, das von Instagram LLC, 1601 Willow Road, Menlo Park, CA 94025, USA, betrieben wird, k\u00f6nnen Sie unter https:\/\/help.instagram.com\/155833707900388 einsehen;<\/p>\n<p>\u2013 die Datenschutzerkl\u00e4rung f\u00fcr das soziale Netzwerk YouTube, das von Google Ireland Limited, Gordon House, Barrow Street, Dublin 4, Irland, betrieben wird, k\u00f6nnen Sie unter https:\/\/www.gstatic.com\/policies\/privacy\/pdf\/20190122\/f3294e95\/google_privacy_policy_de_eu.pdf einsehen.<\/p>\n<p>c. Google Maps<\/p>\n<p>Auf dieser Webseite nutzen wir das Angebot von Google Maps. Dadurch k\u00f6nnen wir Ihnen interaktive Karten direkt in der Website anzeigen und erm\u00f6glichen Ihnen die komfortable Nutzung der Karten-Funktion.<\/p>\n<p>Durch den Besuch auf der Website erh\u00e4lt Google die Information, dass Sie die entsprechende Unterseite unserer Website aufgerufen haben. Zudem werden Ihre IP-Adresse und Ihr Standort \u00fcbermittelt, da Google Maps sonst keine Informationen senden kann. Dies geschieht jedoch erst nach Ihrer Einwilligung. Rechtsgrundlage f\u00fcr die Datenerhebung ist damit Art. 6 Abs. 1 lit. a) 12 DSGVO Google speichert Ihre Daten und nutzt sie f\u00fcr Zwecke der Werbung, Marktforschung und\/oder bedarfsgerechten Gestaltung seiner Website.<\/p>\n<p>Diensteanbieter ist Google Ireland Limited, Gordon House, Barrow Street, Dublin 4, Irland. Die Datenschutzerkl\u00e4rung finden Sie unter <a class=\"textlink\" href=\"https:\/\/policies.google.com\/privacy\">\u00a0https:\/\/policies.google.com\/privacy\u00a0<\/a>.<\/p>\n<\/div><\/section><\/div>\n","protected":false},"excerpt":{"rendered":"","protected":false},"author":2,"featured_media":0,"parent":517,"menu_order":0,"comment_status":"closed","ping_status":"closed","template":"","meta":{"footnotes":""},"class_list":["post-590","page","type-page","status-publish","hentry"],"_links":{"self":[{"href":"https:\/\/simmern-virtuell.de\/en\/wp-json\/wp\/v2\/pages\/590","targetHints":{"allow":["GET"]}}],"collection":[{"href":"https:\/\/simmern-virtuell.de\/en\/wp-json\/wp\/v2\/pages"}],"about":[{"href":"https:\/\/simmern-virtuell.de\/en\/wp-json\/wp\/v2\/types\/page"}],"author":[{"embeddable":true,"href":"https:\/\/simmern-virtuell.de\/en\/wp-json\/wp\/v2\/users\/2"}],"replies":[{"embeddable":true,"href":"https:\/\/simmern-virtuell.de\/en\/wp-json\/wp\/v2\/comments?post=590"}],"version-history":[{"count":3,"href":"https:\/\/simmern-virtuell.de\/en\/wp-json\/wp\/v2\/pages\/590\/revisions"}],"predecessor-version":[{"id":593,"href":"https:\/\/simmern-virtuell.de\/en\/wp-json\/wp\/v2\/pages\/590\/revisions\/593"}],"up":[{"embeddable":true,"href":"https:\/\/simmern-virtuell.de\/en\/wp-json\/wp\/v2\/pages\/517"}],"wp:attachment":[{"href":"https:\/\/simmern-virtuell.de\/en\/wp-json\/wp\/v2\/media?parent=590"}],"curies":[{"name":"wp","href":"https:\/\/api.w.org\/{rel}","templated":true}]}}